{"id":3,"date":"2026-03-10T10:20:41","date_gmt":"2026-03-10T08:20:41","guid":{"rendered":"https:\/\/www.it-varaani.fi\/demo\/oldcock\/?page_id=3"},"modified":"2026-04-08T15:48:10","modified_gmt":"2026-04-08T12:48:10","slug":"tietosuojaseloste","status":"publish","type":"page","link":"https:\/\/www.oldcock.fi\/en\/tietosuojaseloste\/","title":{"rendered":"Privacy Policy"},"content":{"rendered":"<h2 class=\"wp-block-heading\" id=\"keita-olemme\">Who we are<\/h2>\n\n\n\n<p><strong>Valta &amp; Kukko<\/strong><br>Pub<strong>\u00a0\u2022\u00a0<\/strong>Cave<strong>\u00a0\u2022\u00a0<\/strong>Club<strong>\u00a0\u2022\u00a0<\/strong>Bar<\/p>\n\n\n\n<p>Valtakatu 54, 53100 Lappeenranta<\/p>\n\n\n\n<p>info@oldcock.fi<br>040-5005906<\/p>\n\n\n\n<p>Our website: https:\/\/www.oldcock.fi<\/p>\n\n\n<h2 class=\"wp-block-heading\" id=\"kenelle-jaamme-tietosi\">Collecting and sharing information<\/h2>\n\n\n\n<p>When users of the site join the club, we collect an email address in the form.<\/p>\n\n\n\n<p>The email address can be sent to the MailPoet service. The MailPoet service's privacy policy can be found at https:\/\/automattic.com\/privacy\/.<\/p>\n\n\n<h2 class=\"wp-block-heading\" id=\"kuinka-kauan-sailytamme-tietoa\">How long we keep information<\/h2>\n\n\n\n<p>Club members' email addresses will be retained for the time being. This is done so that we can send members newsletters about benefits and events via the MailPoet service.<\/p>\n\n\n<h2 class=\"wp-block-heading\" id=\"mita-oikeuksia-sinulla-on-omaan-tietoosi\">Your rights<\/h2>\n\n\n\n<p>If you have joined the club, you can request a summary file of your personal data, including all the personal data you have provided to us. You can also request the deletion of your data.<\/p>\n\n\n\n<p>Our email newsletters always include a link that allows you to unsubscribe from the club's mailing list at any time.<\/p>","protected":false},"excerpt":{"rendered":"<p>Keit&auml; olemme Valta &amp; KukkoPub\u00a0\u2022\u00a0Cave\u00a0\u2022\u00a0Club\u00a0\u2022\u00a0Bar Valtakatu 54, 53100 Lappeenranta info@oldcock.fi040-5005906 Verkkosivustomme osoite on: https:\/\/www.oldcock.fi Kenelle jaamme tietosi Kun sivuston k\u00e4ytt\u00e4j\u00e4t liittyv\u00e4t clubiin, ker\u00e4\u00e4mme lomakkeessa s\u00e4hk\u00f6postiosoitteen. S\u00e4hk\u00f6postiosoite voidaan l\u00e4hett\u00e4\u00e4 MailPoet-palveluun. MailPoet-palvelun tietosuojaseloste l\u00f6ytyy osoitteesta https:\/\/automattic.com\/privacy\/. Kuinka kauan s&auml;ilyt&auml;mme tietoa Clubin j\u00e4senien s\u00e4hk\u00f6postiosoitteita s\u00e4ilytet\u00e4\u00e4n toistaiseksi. T\u00e4m\u00e4 tehd\u00e4\u00e4n siksi, ett\u00e4 voimme l\u00e4hett\u00e4\u00e4 j\u00e4senille tiedotteita eduista ja tapahtumista MailPoet-palvelun [&hellip;]<\/p>\n","protected":false},"author":1,"featured_media":0,"parent":0,"menu_order":99,"comment_status":"closed","ping_status":"open","template":"","meta":{"footnotes":""},"class_list":["post-3","page","type-page","status-publish","hentry"],"_links":{"self":[{"href":"https:\/\/www.oldcock.fi\/en\/wp-json\/wp\/v2\/pages\/3","targetHints":{"allow":["GET"]}}],"collection":[{"href":"https:\/\/www.oldcock.fi\/en\/wp-json\/wp\/v2\/pages"}],"about":[{"href":"https:\/\/www.oldcock.fi\/en\/wp-json\/wp\/v2\/types\/page"}],"author":[{"embeddable":true,"href":"https:\/\/www.oldcock.fi\/en\/wp-json\/wp\/v2\/users\/1"}],"replies":[{"embeddable":true,"href":"https:\/\/www.oldcock.fi\/en\/wp-json\/wp\/v2\/comments?post=3"}],"version-history":[{"count":1,"href":"https:\/\/www.oldcock.fi\/en\/wp-json\/wp\/v2\/pages\/3\/revisions"}],"predecessor-version":[{"id":160,"href":"https:\/\/www.oldcock.fi\/en\/wp-json\/wp\/v2\/pages\/3\/revisions\/160"}],"wp:attachment":[{"href":"https:\/\/www.oldcock.fi\/en\/wp-json\/wp\/v2\/media?parent=3"}],"curies":[{"name":"wp","href":"https:\/\/api.w.org\/{rel}","templated":true}]}}